{"id":1966,"date":"2026-01-13T13:10:34","date_gmt":"2026-01-13T13:10:34","guid":{"rendered":"https:\/\/sterkaland.de\/?page_id=1966"},"modified":"2026-01-13T14:37:51","modified_gmt":"2026-01-13T14:37:51","slug":"uber-uns-unser-team","status":"publish","type":"page","link":"https:\/\/sterkaland.de\/de\/uber-uns-unser-team\/","title":{"rendered":"\u00dcber uns \/ Unser Team"},"content":{"rendered":"<p><\/p>\n\n\n\n<hr class=\"wp-block-separator has-alpha-channel-opacity\"\/>\n\n\n\n<h3 class=\"wp-block-heading\"><strong>\u00dcber uns \/ Unser Team<\/strong><\/h3>\n\n\n\n<p>Wir sind ein <strong>famili\u00e4res Team<\/strong>, gegr\u00fcndet 2021, und Ihr zuverl\u00e4ssiger Partner f\u00fcr <strong>Garten- und Landschaftsbau, Transporte &amp; Umz\u00fcge, Entr\u00fcmpelungen, Trockenbau, Reinigungsdienste und Hausmeistert\u00e4tigkeiten<\/strong>.<\/p>\n\n\n\n<p>Zuverl\u00e4ssigkeit, Qualit\u00e4t und pers\u00f6nliche Betreuung stehen bei uns an erster Stelle \u2013 egal, ob wir Ihren Garten gestalten, Transporte durchf\u00fchren oder kleine Bau- und Reparaturarbeiten erledigen.<\/p>\n\n\n\n<p>Mit uns bekommen Sie <strong>effiziente Arbeit, Vertrauen und einen Service, auf den Sie sich verlassen k\u00f6nnen<\/strong>.<\/p>\n\n\n\n<hr class=\"wp-block-separator has-alpha-channel-opacity\"\/>\n\n\n\n<h3 class=\"wp-block-heading\"><strong>Warum wir?<\/strong><\/h3>\n\n\n\n<ul class=\"wp-block-list\">\n<li><strong>Schnelle Termine:<\/strong> Wir richten uns flexibel nach Ihrem Zeitplan.<\/li>\n\n\n\n<li><strong>Kostenlose Besichtigung &amp; Beratung:<\/strong> Wir pr\u00fcfen alles vor Ort und beraten Sie pers\u00f6nlich.<\/li>\n\n\n\n<li><strong>Zuverl\u00e4ssigkeit:<\/strong> P\u00fcnktlich, sorgf\u00e4ltig und professionell \u2013 wir halten, was wir versprechen.<\/li>\n\n\n\n<li><strong>Famili\u00e4res Team:<\/strong> Pers\u00f6nlicher Service mit Herz und Erfahrung.<\/li>\n\n\n\n<li><strong>Faire Preise:<\/strong> Transparent und ohne versteckte Kosten.<\/li>\n<\/ul>\n\n\n\n<p>Mit uns erhalten Sie <strong>effiziente L\u00f6sungen f\u00fcr alle Aufgaben rund um Garten, Transport und Hausservice \u2013 unkompliziert, zuverl\u00e4ssig und professionell.<\/strong><\/p>\n\n\n\n<p><\/p>","protected":false},"excerpt":{"rendered":"<p>\u00dcber uns \/ Unser Team Wir sind ein famili\u00e4res Team, gegr\u00fcndet 2021, und Ihr zuverl\u00e4ssiger Partner f\u00fcr Garten- und Landschaftsbau, Transporte &amp; Umz\u00fcge, Entr\u00fcmpelungen, Trockenbau, Reinigungsdienste und Hausmeistert\u00e4tigkeiten. Zuverl\u00e4ssigkeit, Qualit\u00e4t und pers\u00f6nliche Betreuung stehen bei uns an erster Stelle \u2013 egal, ob wir Ihren Garten gestalten, Transporte durchf\u00fchren oder kleine Bau- und Reparaturarbeiten erledigen. Mit [&hellip;]<\/p>","protected":false},"author":1,"featured_media":0,"parent":0,"menu_order":0,"comment_status":"closed","ping_status":"closed","template":"","meta":{"footnotes":""},"class_list":["post-1966","page","type-page","status-publish","hentry"],"_hostinger_reach_plugin_has_subscription_block":false,"_hostinger_reach_plugin_is_elementor":false,"_links":{"self":[{"href":"https:\/\/sterkaland.de\/de\/wp-json\/wp\/v2\/pages\/1966","targetHints":{"allow":["GET"]}}],"collection":[{"href":"https:\/\/sterkaland.de\/de\/wp-json\/wp\/v2\/pages"}],"about":[{"href":"https:\/\/sterkaland.de\/de\/wp-json\/wp\/v2\/types\/page"}],"author":[{"embeddable":true,"href":"https:\/\/sterkaland.de\/de\/wp-json\/wp\/v2\/users\/1"}],"replies":[{"embeddable":true,"href":"https:\/\/sterkaland.de\/de\/wp-json\/wp\/v2\/comments?post=1966"}],"version-history":[{"count":2,"href":"https:\/\/sterkaland.de\/de\/wp-json\/wp\/v2\/pages\/1966\/revisions"}],"predecessor-version":[{"id":1986,"href":"https:\/\/sterkaland.de\/de\/wp-json\/wp\/v2\/pages\/1966\/revisions\/1986"}],"wp:attachment":[{"href":"https:\/\/sterkaland.de\/de\/wp-json\/wp\/v2\/media?parent=1966"}],"curies":[{"name":"wp","href":"https:\/\/api.w.org\/{rel}","templated":true}]}}